{"id":17767,"date":"2024-11-18T13:03:04","date_gmt":"2024-11-18T12:03:04","guid":{"rendered":"https:\/\/www.alqueriadelpilar.com\/privacy-policy\/"},"modified":"2024-11-18T13:03:04","modified_gmt":"2024-11-18T12:03:04","slug":"privacy-policy","status":"publish","type":"page","link":"https:\/\/www.alqueriadelpilar.com\/en\/privacy-policy\/","title":{"rendered":"Privacy policy"},"content":{"rendered":"<h3>\u00bfQUI\u00c9N ES EL RESPONSABLE DEL TRATAMIENTO?<\/h3>\n<p>Responsable: Hermanas Gimeno P\u00e9rez de Le\u00f3n, C.B, NIF: E-54098157<br \/>\nDomicilio: C\/. Ventorrillo, 11 \u2013 03450 Banyeres de Mariola (Alicante)<br \/>\nCorreo electr\u00f3nico: <a href=\"mailto:lalqueria@gmail.com\">lalqueria@gmail.com<\/a><br \/>\nTel\u00e9fonos: 667 989 637 \u2013 687 510 027<\/p>\n<p>&nbsp;<\/p>\n<h3>\u00bfCON QU\u00c9 FINALIDAD TRATAMOS LOS DATOS PERSONALES?<\/h3>\n<p>En WWW.ALQUERIADELPILAR.COM se tratan los datos personales con las siguientes finalidades:<\/p>\n<ul>\n<li>Contacto: responder a las solicitudes de informaci\u00f3n recibidas sobre los productos y servicios que se ofrecen, as\u00ed como dar respuesta a cualquier otro tipo de pregunta que env\u00eden los usuarios<\/li>\n<li>Solicitud de reserva: Se trata de comprobar la disponibilidad del alojamiento para dar respuesta a su petici\u00f3n<\/li>\n<li>Reserva online (motor de reservas Ruralgest). Ruralgest, en representaci\u00f3n del alojamiento trata la informaci\u00f3n facilitada por el usuario con el fin de prestarle el servicio solicitado y realizar la facturaci\u00f3n del mismo.<\/li>\n<\/ul>\n<p>&nbsp;<\/p>\n<h3>\u00bfDURANTE CU\u00c1NTO TRATAMOS LOS DATOS PERSONALES?<\/h3>\n<p>En WWW.ALQUERIADELPILAR.COM se tratan los datos personales durante los siguientes plazos:<\/p>\n<ul>\n<li>Contacto: el plazo de conservaci\u00f3n de los datos ser\u00e1 mientras el usuario no manifieste su derecho de supresi\u00f3n<\/li>\n<li>Solicitud de reserva: el plazo de conservaci\u00f3n de los datos ser\u00e1 mientras el usuario no manifieste su derecho de supresi\u00f3n<\/li>\n<li>Reserva online: el plazo de conservaci\u00f3n de los datos ser\u00e1 mientras el usuario no manifieste su derecho de supresi\u00f3n<\/li>\n<\/ul>\n<p>&nbsp;<\/p>\n<h3>\u00bfCU\u00c1L ES LA LEGITIMACI\u00d3N PARA EL TRATAMIENTO DE LOS DATOS?<\/h3>\n<p>Al acceder a nuestra web y rellenar los formularios o enviarnos datos a trav\u00e9s de los medios de contacto electr\u00f3nicos indicados, aceptas esta Pol\u00edtica de Privacidad. Es por ello, que nos basamos en el consentimiento del usuario para los siguiente tratamiento de sus datos:<\/p>\n<ul>\n<li>Formulario de contacto<\/li>\n<li>Solicitud de reserva<\/li>\n<li>Reserva online (motor de reservas Ruralgest)<\/li>\n<\/ul>\n<p>Adicionalmente, te informamos que s\u00f3lo usaremos la informaci\u00f3n de car\u00e1cter personal en virtud de esta Pol\u00edtica de Privacidad y, con car\u00e1cter general, solicitaremos tu consentimiento para usos con fines distintos de aqu\u00e9llos para los cuales los otorgaste inicialmente. Finalmente, te informamos que puedes retirar el consentimiento en cualquier momento, solo tendr\u00e1s que ponerte en contacto con nosotros a trav\u00e9s de los medios indicados en esta pol\u00edtica de privacidad.<br \/>\n&nbsp;<\/p>\n<h3>\u00bfCON QUI\u00c9N COMPARTIMOS LOS DATOS PERSONALES?<\/h3>\n<p>Los datos personales recabados no ser\u00e1n en ning\u00fan caso cedidos a terceros ni hechos p\u00fablicos, salvo en los supuestos en que lo consienta, participe voluntariamente o por obligaciones legales expresas.<br \/>\n&nbsp;<\/p>\n<h3>\u00bfQU\u00c9 DERECHOS PUEDES EJERCER?<\/h3>\n<ul>\n<li>La protecci\u00f3n de los datos de car\u00e1cter personal es un derecho fundamental. Es por ello que, seg\u00fan la normativa europea los derechos que le asisten son los siguientes:<\/li>\n<li>Acceso, derecho a solicitar informaci\u00f3n al responsable de un fichero sobre si sus datos personales est\u00e1n siendo tratados.<\/li>\n<li>Rectificaci\u00f3n, derecho que permite a la persona afectada solicitar la modificaci\u00f3n de datos que sean inexactos o incompletos.<\/li>\n<li>Oposici\u00f3n, derecho de una persona a oponerse al tratamiento de sus datos personales o el cese de \u00e9stos.<\/li>\n<li>Decisiones individuales automatizadas, derecho a no ser objeto de una decisi\u00f3n basada \u00fanicamente en el tratamiento automatizado, incluida la elaboraci\u00f3n de perfiles, que produzca efectos jur\u00eddicos en \u00e9l o le afecte significativamente de modo similar<\/li>\n<li>Limitaci\u00f3n, derecho a suspender el tratamiento de los datos personales del usuario en determinados supuestos<\/li>\n<li>Supresi\u00f3n u Olvido, derecho a supresi\u00f3n de los datos personales del interesado<\/li>\n<\/ul>\n<p><strong>Puede ejercer sus derechos a trav\u00e9s de los siguientes medios:<\/strong><\/p>\n<ul>\n<li>Email a <a href=\"mailto:lalqueria@gmail.com\">lalqueria@gmail.com<\/a>aportando documentaci\u00f3n que acredite la identidad del solicitante (copia del anverso del Documento Nacional de Identidad, o equivalente)<\/li>\n<li>Correo postal a C\/. Ventorrillo, 11 \u2013 03450 Banyeres de Mariola (Alicante) aportando documentaci\u00f3n que acredite la identidad del solicitante (copia del anverso del Documento Nacional de Identidad, o equivalente)<\/li>\n<li>En cualquier caso, puede solicitar la tutela de la Agencia Espa\u00f1ola de Protecci\u00f3n de Datos a trav\u00e9s de su p\u00e1gina web (<a href=\"https:\/\/www.aepd.es\/\">https:\/\/www.aepd.es\/<\/a>)<\/li>\n<\/ul>\n<p>&nbsp;<\/p>\n<p>&nbsp;<\/p>\n","protected":false},"excerpt":{"rendered":"<p>\u00bfQUI\u00c9N ES EL RESPONSABLE DEL TRATAMIENTO? Responsable: Hermanas Gimeno P\u00e9rez de Le\u00f3n, C.B, NIF: E-54098157 Domicilio: C\/. Ventorrillo, 11 \u2013 03450 Banyeres de Mariola (Alicante) Correo electr\u00f3nico: lalqueria@gmail.com Tel\u00e9fonos: 667 989 637 \u2013 687 510 027 &nbsp; \u00bfCON QU\u00c9 FINALIDAD TRATAMOS LOS DATOS PERSONALES? En&#8230;<\/p>\n","protected":false},"author":1,"featured_media":0,"parent":0,"menu_order":0,"comment_status":"closed","ping_status":"closed","template":"","meta":{"footnotes":""},"class_list":["post-17767","page","type-page","status-publish","hentry"],"_links":{"self":[{"href":"https:\/\/www.alqueriadelpilar.com\/en\/wp-json\/wp\/v2\/pages\/17767","targetHints":{"allow":["GET"]}}],"collection":[{"href":"https:\/\/www.alqueriadelpilar.com\/en\/wp-json\/wp\/v2\/pages"}],"about":[{"href":"https:\/\/www.alqueriadelpilar.com\/en\/wp-json\/wp\/v2\/types\/page"}],"author":[{"embeddable":true,"href":"https:\/\/www.alqueriadelpilar.com\/en\/wp-json\/wp\/v2\/users\/1"}],"replies":[{"embeddable":true,"href":"https:\/\/www.alqueriadelpilar.com\/en\/wp-json\/wp\/v2\/comments?post=17767"}],"version-history":[{"count":0,"href":"https:\/\/www.alqueriadelpilar.com\/en\/wp-json\/wp\/v2\/pages\/17767\/revisions"}],"wp:attachment":[{"href":"https:\/\/www.alqueriadelpilar.com\/en\/wp-json\/wp\/v2\/media?parent=17767"}],"curies":[{"name":"wp","href":"https:\/\/api.w.org\/{rel}","templated":true}]}}